{"id":745,"date":"2023-07-04T15:17:18","date_gmt":"2023-07-04T12:17:18","guid":{"rendered":"https:\/\/e-oregano.gr\/owp\/acheter-des-graines-dorigan\/"},"modified":"2023-11-01T01:59:49","modified_gmt":"2023-10-31T23:59:49","slug":"acheter-des-graines-dorigan","status":"publish","type":"page","link":"https:\/\/e-oregano.gr\/fr\/acheter-des-graines-dorigan\/","title":{"rendered":"Acheter des graines d&rsquo;origan"},"content":{"rendered":"<div class=\"wpb-content-wrapper\"><p>[vc_row full_width=\u00a0\u00bbstretch_row_content_no_spaces\u00a0\u00bb _et_uniqid=\u00a0\u00bbet_custom_uniqid_new_651d39f4eeff9&Prime;][vc_column][vc_single_image image=\u00a0\u00bb578&Prime; img_size=\u00a0\u00bbfull\u00a0\u00bb alignment=\u00a0\u00bbcenter\u00a0\u00bb][\/vc_column][\/vc_row][vc_row css=\u00a0\u00bb.vc_custom_1697110391090{padding-bottom: 30px !important;}\u00a0\u00bb _et_uniqid=\u00a0\u00bbet_custom_uniqid_new_6527d96925fcc\u00a0\u00bb][vc_column][vc_single_image image=\u00a0\u00bb540&Prime; img_size=\u00a0\u00bbfull\u00a0\u00bb css=\u00a0\u00bb.vc_custom_1689849720797{margin-bottom: 5px !important;}\u00a0\u00bb][vc_custom_heading text=\u00a0\u00bbAcheter des graines d&apos;origan.\u00a0\u00bb font_container=\u00a0\u00bbtag:h2|font_size:40px|text_align:left|line_height:40px\u00a0\u00bb google_fonts=\u00a0\u00bbfont_family:Gentium%20Basic%3Aregular%2Citalic%2C700%2C700italic|font_style:400%20regular%3A400%3Anormal\u00a0\u00bb el_class=\u00a0\u00bbno-uppercase\u00a0\u00bb][vc_column_text]<strong>VOULEZ-VOUS VOUS IMPLIQUER DANS LA CULTURE DE L\u2019ORIGAN MAIS VOUS MANQUEZ DE SAVOIR-FAIRE?<\/strong><\/p>\n<p><strong>L\u2019Oregano se met \u00e0 votre disposition en vous montrant la voie.<\/strong><\/p>\n<p>Avant tout, lisez attentivement les informations ci-dessous.<\/p>\n<p>D\u2019apr\u00e8s l\u2019Oregano, la culture des herbes, comme l\u2019origan, est une culture d\u2019avenir.<\/p>\n<p>Pour l\u2019Oregano, la culture des herbes, comme par exemple celle de l\u2019origan, repr\u00e9sente une occasion qu\u2019elle ne la laisse pas passer. L\u2019Oregano isole les traits cr\u00e9atifs de ce type de culture dans l\u2019int\u00e9r\u00eat des cultivateurs potentiels.<\/p>\n<p>Il est \u00e0 noter que l\u2019origan grec est rang\u00e9 parmi les mieux vari\u00e9t\u00e9s du monde; un produit internationalement appr\u00e9ci\u00e9 pour sa haute qualit\u00e9.<\/p>\n<p>Ce n\u2019est pas un hasard si c\u2019est un produit parmi les plus demand\u00e9s en Gr\u00e8ce et dans la majorit\u00e9 de pays, en Europe et aux \u00c9tats-Unis, o\u00f9 il est mis sur le march\u00e9 en grandes quantit\u00e9s et \u00e0 des prix tr\u00e8s raisonnables.<\/p>\n<p><strong>L\u2019Oregano dispose le savoir-faire et peut vous en faire b\u00e9n\u00e9ficier.<\/strong><\/p>\n<p>Apr\u00e8s plusieurs ann\u00e9es de succ\u00e8s dans le domaine de la culture et la transformation de l\u2019origan, l\u2019Oregano est pr\u00eate \u00e0 partager son savoir-faire \u00e0 tous les niveaux pour que vous r\u00e9ussissent dans le cas o\u00f9 vous vous impliqueriez dans la culture de cette herbe.<\/p>\n<p><strong>L\u2019Oregano dispose de la graine et la vend\u2026<\/strong><\/p>\n<p>Il y a une vari\u00e9t\u00e9 de graines d\u2019origan. Plus particuli\u00e8rement, l\u2019origan appartient dans la famille des Lamiac\u00e9es et le genre d\u2019Origanum qui comprend 9 sortes d\u2019origan. Celle-ci de l\u2019Oregano, c\u2019est l\u2019Origanum Heracleoticum. Cette vari\u00e9t\u00e9 pr\u00e9sente la plus grande concentration en huile essentielle, en carvacrol et en couleur verte.<\/p>\n<p>On s\u00e8me 30gr de graine par hectare deux fois par an. Plus sp\u00e9cifiquement, une fois en automne (Octobre-Novembre) et une autre en hiver (F\u00e9vrier- Mars). Quant \u00e0 la Gr\u00e8ce, on propose plut\u00f4t l\u2019automne. Quant \u00e0 la Gr\u00e8ce, on propose plut\u00f4t l\u2019automne.<\/p>\n<p>Plus sp\u00e9cifiquement, une fois en automne (Octobre-Novembre) et une autre en hiver (F\u00e9vrier- Mars). Quant \u00e0 la Gr\u00e8ce, on propose plut\u00f4t l\u2019automne.<\/p>\n<p><strong>Contacter avec l\u2019Oregano pour acheter de la graine.<\/strong><\/p>\n<p>Pour signaler votre int\u00e9r\u00eat d\u2019achat, veuillez remplir le formulaire ci-dessous et dans 24 heures un repr\u00e9sentant de l\u2019Oregano vous contacte pour vous fournir plus amples informations et pour que vous puissiez achever votre commande.[\/vc_column_text][\/vc_column][\/vc_row][vc_row][vc_column offset=\u00a0\u00bbvc_col-lg-offset-3 vc_col-lg-6 vc_col-md-offset-3 vc_col-md-6&Prime; _et_uniqid=\u00a0\u00bbet_custom_uniqid_new_651d4d879327d\u00a0\u00bb]\n<div class=\"wpcf7 no-js\" id=\"wpcf7-f848-o1\" lang=\"fr-FR\" dir=\"ltr\">\n<div class=\"screen-reader-response\"><p role=\"status\" aria-live=\"polite\" aria-atomic=\"true\"><\/p> <ul><\/ul><\/div>\n<form action=\"\/fr\/wp-json\/wp\/v2\/pages\/745#wpcf7-f848-o1\" method=\"post\" class=\"wpcf7-form init\" aria-label=\"Formulaire de contact\" novalidate=\"novalidate\" data-status=\"init\">\n<div style=\"display: none;\">\n<input type=\"hidden\" name=\"_wpcf7\" value=\"848\" \/>\n<input type=\"hidden\" name=\"_wpcf7_version\" value=\"5.8.2\" \/>\n<input type=\"hidden\" name=\"_wpcf7_locale\" value=\"fr_FR\" \/>\n<input type=\"hidden\" name=\"_wpcf7_unit_tag\" value=\"wpcf7-f848-o1\" \/>\n<input type=\"hidden\" name=\"_wpcf7_container_post\" value=\"0\" \/>\n<input type=\"hidden\" name=\"_wpcf7_posted_data_hash\" value=\"\" \/>\n<input type=\"hidden\" name=\"_wpcf7_recaptcha_response\" value=\"\" \/>\n<\/div>\n<p><label> Nom et pr\u00e9nom*<br \/>\n<span class=\"wpcf7-form-control-wrap\" data-name=\"your-name\"><input size=\"40\" class=\"wpcf7-form-control wpcf7-text wpcf7-validates-as-required\" autocomplete=\"name\" aria-required=\"true\" aria-invalid=\"false\" value=\"\" type=\"text\" name=\"your-name\" \/><\/span> <\/label><br \/>\n<label> Num\u00e9ro du contact*<br \/>\n<span class=\"wpcf7-form-control-wrap\" data-name=\"tel-epik\"><input size=\"40\" class=\"wpcf7-form-control wpcf7-tel wpcf7-validates-as-required wpcf7-text wpcf7-validates-as-tel\" autocomplete=\"tel\" aria-required=\"true\" aria-invalid=\"false\" value=\"\" type=\"tel\" name=\"tel-epik\" \/><\/span><\/label><br \/>\n<label> Votre email<br \/>\n<span class=\"wpcf7-form-control-wrap\" data-name=\"your-email\"><input size=\"40\" class=\"wpcf7-form-control wpcf7-email wpcf7-validates-as-required wpcf7-text wpcf7-validates-as-email\" autocomplete=\"email\" aria-required=\"true\" aria-invalid=\"false\" value=\"\" type=\"email\" name=\"your-email\" \/><\/span> <\/label><br \/>\n<label> Horaires de contact<br \/>\n<span class=\"wpcf7-form-control-wrap\" data-name=\"ores-epik\"><input size=\"40\" class=\"wpcf7-form-control wpcf7-text\" aria-invalid=\"false\" value=\"\" type=\"text\" name=\"ores-epik\" \/><\/span><\/label><br \/>\n<label> Ville*<br \/>\n<span class=\"wpcf7-form-control-wrap\" data-name=\"poli\"><input size=\"40\" class=\"wpcf7-form-control wpcf7-text wpcf7-validates-as-required\" aria-required=\"true\" aria-invalid=\"false\" value=\"\" type=\"text\" name=\"poli\" \/><\/span><\/label><br \/>\n<label> Adresse d'exp\u00e9dition du produit*<br \/>\n<span class=\"wpcf7-form-control-wrap\" data-name=\"dieythinsi-apostolis\"><input size=\"40\" class=\"wpcf7-form-control wpcf7-text wpcf7-validates-as-required\" aria-required=\"true\" aria-invalid=\"false\" value=\"\" type=\"text\" name=\"dieythinsi-apostolis\" \/><\/span><\/label><br \/>\n<label> NUM\u00c9RO DE TVA*<br \/>\n<span class=\"wpcf7-form-control-wrap\" data-name=\"afm\"><input size=\"40\" class=\"wpcf7-form-control wpcf7-text wpcf7-validates-as-required\" aria-required=\"true\" aria-invalid=\"false\" value=\"\" type=\"text\" name=\"afm\" \/><\/span><\/label><br \/>\n<label> DDFIP*<br \/>\n<span class=\"wpcf7-form-control-wrap\" data-name=\"doy\"><input size=\"40\" class=\"wpcf7-form-control wpcf7-text wpcf7-validates-as-required\" aria-required=\"true\" aria-invalid=\"false\" value=\"\" type=\"text\" name=\"doy\" \/><\/span><\/label><br \/>\n<label> \u00c9crivez la quantit\u00e9 qui vous int\u00e9resse*<br \/>\n<span class=\"wpcf7-form-control-wrap\" data-name=\"posotita-sporou\"><input size=\"40\" class=\"wpcf7-form-control wpcf7-text wpcf7-validates-as-required\" aria-required=\"true\" aria-invalid=\"false\" value=\"\" type=\"text\" name=\"posotita-sporou\" \/><\/span><\/label><br \/>\n<label><br \/>\n<span class=\"wpcf7-form-control-wrap\" data-name=\"apodoxi-agoras-sporou\"><span class=\"wpcf7-form-control wpcf7-acceptance\"><span class=\"wpcf7-list-item\"><input type=\"checkbox\" name=\"apodoxi-agoras-sporou\" value=\"1\" aria-invalid=\"false\" \/><\/span><\/span><\/span>Je souhaite commander des graines d'origan*<\/label><br \/>\n<label><br \/>\n<span class=\"wpcf7-form-control-wrap\" data-name=\"apodoxi-oloklirosi-agoras\"><span class=\"wpcf7-form-control wpcf7-acceptance\"><span class=\"wpcf7-list-item\"><label><input type=\"checkbox\" name=\"apodoxi-oloklirosi-agoras\" value=\"1\" aria-invalid=\"false\" \/><span class=\"wpcf7-list-item-label\">J'accepte qu'apr\u00e8s accord avec origan, je r\u00e8gle sur un compte bancaire qui me sera indiqu\u00e9 le montant correspondant \u00e0 ma commande major\u00e9 des frais d'exp\u00e9dition de la commande particuli\u00e8re aux informations que j'ai enregistr\u00e9es ci-dessus et que je d\u00e9clare compl\u00e8tes et v\u00e9ridiques.*<\/span><\/label><\/span><\/span><\/span><\/label>\n<\/p>\n<p><input class=\"wpcf7-form-control wpcf7-submit has-spinner\" type=\"submit\" value=\"Commande\" \/>\n<\/p><div class=\"wpcf7-response-output\" aria-hidden=\"true\"><\/div>\n<\/form>\n<\/div>\n[\/vc_column][\/vc_row]<\/p>\n<\/div>","protected":false},"excerpt":{"rendered":"<p>[vc_row full_width=\u00a0\u00bbstretch_row_content_no_spaces\u00a0\u00bb _et_uniqid=\u00a0\u00bbet_custom_uniqid_new_651d39f4eeff9&Prime;][vc_column][vc_single_image image=\u00a0\u00bb578&Prime; img_size=\u00a0\u00bbfull\u00a0\u00bb alignment=\u00a0\u00bbcenter\u00a0\u00bb][\/vc_column][\/vc_row][vc_row css=\u00a0\u00bb.vc_custom_1697110391090{padding-bottom: 30px !important;}\u00a0\u00bb _et_uniqid=\u00a0\u00bbet_custom_uniqid_new_6527d96925fcc\u00a0\u00bb][vc_column][vc_single_image image=\u00a0\u00bb540&Prime; img_size=\u00a0\u00bbfull\u00a0\u00bb css=\u00a0\u00bb.vc_custom_1689849720797{margin-bottom: 5px !important;}\u00a0\u00bb][vc_custom_heading text=\u00a0\u00bbAcheter des graines d&apos;origan.\u00a0\u00bb font_container=\u00a0\u00bbtag:h2|font_size:40px|text_align:left|line_height:40px\u00a0\u00bb google_fonts=\u00a0\u00bbfont_family:Gentium%20Basic%3Aregular%2Citalic%2C700%2C700italic|font_style:400%20regular%3A400%3Anormal\u00a0\u00bb el_class=\u00a0\u00bbno-uppercase\u00a0\u00bb][vc_column_text]VOULEZ-VOUS VOUS IMPLIQUER DANS&#8230;<\/p>\n","protected":false},"author":1,"featured_media":0,"parent":0,"menu_order":0,"comment_status":"closed","ping_status":"closed","template":"","meta":{"footnotes":""},"_links":{"self":[{"href":"https:\/\/e-oregano.gr\/fr\/wp-json\/wp\/v2\/pages\/745"}],"collection":[{"href":"https:\/\/e-oregano.gr\/fr\/wp-json\/wp\/v2\/pages"}],"about":[{"href":"https:\/\/e-oregano.gr\/fr\/wp-json\/wp\/v2\/types\/page"}],"author":[{"embeddable":true,"href":"https:\/\/e-oregano.gr\/fr\/wp-json\/wp\/v2\/users\/1"}],"replies":[{"embeddable":true,"href":"https:\/\/e-oregano.gr\/fr\/wp-json\/wp\/v2\/comments?post=745"}],"version-history":[{"count":0,"href":"https:\/\/e-oregano.gr\/fr\/wp-json\/wp\/v2\/pages\/745\/revisions"}],"wp:attachment":[{"href":"https:\/\/e-oregano.gr\/fr\/wp-json\/wp\/v2\/media?parent=745"}],"curies":[{"name":"wp","href":"https:\/\/api.w.org\/{rel}","templated":true}]}}