{"id":783,"date":"2023-07-04T15:18:38","date_gmt":"2023-07-04T12:18:38","guid":{"rendered":"https:\/\/e-oregano.gr\/owp\/contacter-oregano\/"},"modified":"2023-11-01T01:58:44","modified_gmt":"2023-10-31T23:58:44","slug":"contacter-oregano","status":"publish","type":"page","link":"https:\/\/e-oregano.gr\/fr\/contacter-oregano\/","title":{"rendered":"Contacter Oregano"},"content":{"rendered":"<div class=\"wpb-content-wrapper\"><p>[vc_row full_width=\u00a0\u00bbstretch_row_content_no_spaces\u00a0\u00bb _et_uniqid=\u00a0\u00bbet_custom_uniqid_new_651d3b208ace2&Prime; css=\u00a0\u00bb.vc_custom_1696414502389{margin-bottom: 2.8vw !important;}\u00a0\u00bb][vc_column][vc_single_image image=\u00a0\u00bb574&Prime; img_size=\u00a0\u00bbfull\u00a0\u00bb alignment=\u00a0\u00bbcenter\u00a0\u00bb][\/vc_column][\/vc_row][vc_row][vc_column width=\u00a0\u00bb1\/4&Prime;][\/vc_column][vc_column width=\u00a0\u00bb2\/4&Prime;][vc_row_inner css=\u00a0\u00bb.vc_custom_1561015650349{padding-right: 1vw !important;padding-left: 1vw !important;}\u00a0\u00bb][vc_column_inner width=\u00a0\u00bb1\/3&Prime;][vc_single_image image=\u00a0\u00bb506&Prime; img_size=\u00a0\u00bbfull\u00a0\u00bb alignment=\u00a0\u00bbcenter\u00a0\u00bb img_import_url=\u00a0\u00bbhttps%3A%2F%2Fxstore.8theme.com%2Fdemos%2F2%2Fartmaxy%2Fwp-content%2Fuploads%2Fsites%2F23%2F2019%2F06%2Fplaceholder.png\u00a0\u00bb css=\u00a0\u00bb.vc_custom_1689176240408{margin-bottom: 12px !important;}\u00a0\u00bb][vc_column_text]<\/p>\n<p style=\"color: #111f36; margin-bottom: 0px; font-size: 14px; line-height: 22px; text-transform: uppercase; text-align: center;\">Adresse:<\/p>\n<p style=\"color: #888888; font-size: 14px; text-align: center;\">Moschopotamos, Pi\u00e9rie, 60100, Gr\u00e8ce<\/p>\n<p>[\/vc_column_text][\/vc_column_inner][vc_column_inner width=\u00a0\u00bb1\/3&Prime;][vc_single_image image=\u00a0\u00bb514&Prime; img_size=\u00a0\u00bbfull\u00a0\u00bb alignment=\u00a0\u00bbcenter\u00a0\u00bb img_import_url=\u00a0\u00bbhttps%3A%2F%2Fxstore.8theme.com%2Fdemos%2F2%2Fartmaxy%2Fwp-content%2Fuploads%2Fsites%2F23%2F2019%2F06%2Fphone-call.png\u00a0\u00bb css=\u00a0\u00bb.vc_custom_1689176597876{margin-bottom: 12px !important;}\u00a0\u00bb][vc_column_text]<\/p>\n<p style=\"color: #111f36; margin-bottom: 0px; font-size: 14px; line-height: 22px; text-transform: uppercase; text-align: center;\">T\u00e9l\u00e9phone:<\/p>\n<p style=\"color: #888888; font-size: 14px; text-align: center;\">+30 23510 47618<\/p>\n<p>[\/vc_column_text][\/vc_column_inner][vc_column_inner width=\u00a0\u00bb1\/3&Prime;][vc_single_image image=\u00a0\u00bb512&Prime; img_size=\u00a0\u00bbfull\u00a0\u00bb alignment=\u00a0\u00bbcenter\u00a0\u00bb img_import_url=\u00a0\u00bbhttps%3A%2F%2Fxstore.8theme.com%2Fdemos%2F2%2Fartmaxy%2Fwp-content%2Fuploads%2Fsites%2F23%2F2019%2F06%2Fplaceholder.png\u00a0\u00bb css=\u00a0\u00bb.vc_custom_1689176608032{margin-bottom: 12px !important;}\u00a0\u00bb][vc_column_text]<\/p>\n<p style=\"color: #111f36; margin-bottom: 0px; font-size: 14px; line-height: 22px; text-transform: uppercase; text-align: center;\">E-Mail:<\/p>\n<p style=\"color: #888888; font-size: 14px; text-align: center;\">info(at)e-oregano.gr<br \/>\n<span style=\"font-size: 12px;\">remplacer (at) par @<\/span><\/p>\n<p>[\/vc_column_text][\/vc_column_inner][\/vc_row_inner][\/vc_column][vc_column width=\u00a0\u00bb1\/4&Prime;][\/vc_column][\/vc_row][vc_row css=\u00a0\u00bb.vc_custom_1696414556530{margin-top: 30px !important;margin-bottom: 30px !important;}\u00a0\u00bb _et_uniqid=\u00a0\u00bbet_custom_uniqid_new_651d3b53ea69b\u00a0\u00bb][vc_column width=\u00a0\u00bb1\/4&Prime;][\/vc_column][vc_column width=\u00a0\u00bb1\/2&Prime; el_class=\u00a0\u00bbtext-center\u00a0\u00bb][vc_column_text]Si vous souhaitez plus d&rsquo;informations sur nous ou nos produits et que vous ne les trouvez pas, veuillez nous contacter. Remplissez simplement le formulaire, incluez votre message et nous vous r\u00e9pondrons dans les plus brefs d\u00e9lais.[\/vc_column_text]\n<div class=\"wpcf7 no-js\" id=\"wpcf7-f852-o1\" lang=\"fr-FR\" dir=\"ltr\">\n<div class=\"screen-reader-response\"><p role=\"status\" aria-live=\"polite\" aria-atomic=\"true\"><\/p> <ul><\/ul><\/div>\n<form action=\"\/fr\/wp-json\/wp\/v2\/pages\/783#wpcf7-f852-o1\" method=\"post\" class=\"wpcf7-form init\" aria-label=\"Formulaire de contact\" novalidate=\"novalidate\" data-status=\"init\">\n<div style=\"display: none;\">\n<input type=\"hidden\" name=\"_wpcf7\" value=\"852\" \/>\n<input type=\"hidden\" name=\"_wpcf7_version\" value=\"5.8.2\" \/>\n<input type=\"hidden\" name=\"_wpcf7_locale\" value=\"fr_FR\" \/>\n<input type=\"hidden\" name=\"_wpcf7_unit_tag\" value=\"wpcf7-f852-o1\" \/>\n<input type=\"hidden\" name=\"_wpcf7_container_post\" value=\"0\" \/>\n<input type=\"hidden\" name=\"_wpcf7_posted_data_hash\" value=\"\" \/>\n<input type=\"hidden\" name=\"_wpcf7_recaptcha_response\" value=\"\" \/>\n<\/div>\n<div class=\"form-group\">\n\t<p><label> Nom et pr\u00e9nom*<br \/>\n<span class=\"wpcf7-form-control-wrap\" data-name=\"your-name\"><input size=\"40\" class=\"wpcf7-form-control wpcf7-text wpcf7-validates-as-required\" autocomplete=\"name\" aria-required=\"true\" aria-invalid=\"false\" placeholder=\"Pr\u00e9nom \/ nom de famille\" value=\"\" type=\"text\" name=\"your-name\" \/><\/span> <\/label>\n\t<\/p>\n\t<p><label> Email*<br \/>\n<span class=\"wpcf7-form-control-wrap\" data-name=\"your-email\"><input size=\"40\" class=\"wpcf7-form-control wpcf7-email wpcf7-validates-as-required wpcf7-text wpcf7-validates-as-email\" autocomplete=\"email\" aria-required=\"true\" aria-invalid=\"false\" placeholder=\"Adresse e-mail\" value=\"\" type=\"email\" name=\"your-email\" \/><\/span> <\/label>\n\t<\/p>\n<\/div>\n<p><label> T\u00e9l\u00e9phone*<br \/>\n<span class=\"wpcf7-form-control-wrap\" data-name=\"tel-epik-page\"><input size=\"40\" class=\"wpcf7-form-control wpcf7-tel wpcf7-validates-as-required wpcf7-text wpcf7-validates-as-tel\" autocomplete=\"tel\" aria-required=\"true\" aria-invalid=\"false\" placeholder=\"Entrez votre num\u00e9ro de t\u00e9l\u00e9phone...\" value=\"\" type=\"tel\" name=\"tel-epik-page\" \/><\/span> <\/label><br \/>\n<label> Message*<br \/>\n<span class=\"wpcf7-form-control-wrap\" data-name=\"your-message\"><textarea cols=\"40\" rows=\"10\" class=\"wpcf7-form-control wpcf7-textarea wpcf7-validates-as-required\" aria-required=\"true\" aria-invalid=\"false\" placeholder=\"\u00c9crivez votre message...\" name=\"your-message\"><\/textarea><\/span> <\/label>\n<\/p>\n<p><input class=\"wpcf7-form-control wpcf7-submit has-spinner\" type=\"submit\" value=\"Envoyer\" \/>\n<\/p><div class=\"wpcf7-response-output\" aria-hidden=\"true\"><\/div>\n<\/form>\n<\/div>\n[\/vc_column][vc_column width=\u00a0\u00bb1\/4&Prime;][\/vc_column][\/vc_row][vc_row full_width=\u00a0\u00bbstretch_row_content_no_spaces\u00a0\u00bb css=\u00a0\u00bb.vc_custom_1696414429572{padding-top: 1vw !important;}\u00a0\u00bb _et_uniqid=\u00a0\u00bbet_custom_uniqid_new_651d3acd20179&Prime;][vc_column][vc_gmaps link=\u00a0\u00bb#E-8_JTNDaWZyYW1lJTIwc3JjJTNEJTIyaHR0cHMlM0ElMkYlMkZ3d3cuZ29vZ2xlLmNvbSUyRm1hcHMlMkZlbWJlZCUzRnBiJTNEJTIxMW0xOCUyMTFtMTIlMjExbTMlMjExZDM4OTc5Ny41MjMxNzk4MTA5NiUyMTJkMjIuMDYxMjc3MDE5MDk4MTUlMjEzZDQwLjI0NzAxNTkxNTMyMjU2NCUyMTJtMyUyMTFmMCUyMTJmMCUyMTNmMCUyMTNtMiUyMTFpMTAyNCUyMTJpNzY4JTIxNGYxMy4xJTIxM20zJTIxMW0yJTIxMXMweDEzNTdlM2M3MzAyYjVhZDMlMjUzQTB4NTcwNjZiYTUwMTQ5MTY3NSUyMTJ6enFET3VjNjF6NEhPcjg2eCUyMTVlMCUyMTNtMiUyMTFzZWwlMjEyc2dyJTIxNHYxNjg5MTYwNDIyNjAwJTIxNW0yJTIxMXNlbCUyMTJzZ3IlMjIlMjB3aWR0aCUzRCUyMjYwMCUyMiUyMGhlaWdodCUzRCUyMjQ1MCUyMiUyMHN0eWxlJTNEJTIyYm9yZGVyJTNBMCUzQiUyMiUyMGFsbG93ZnVsbHNjcmVlbiUzRCUyMiUyMiUyMGxvYWRpbmclM0QlMjJsYXp5JTIyJTIwcmVmZXJyZXJwb2xpY3klM0QlMjJuby1yZWZlcnJlci13aGVuLWRvd25ncmFkZSUyMiUzRSUzQyUyRmlmcmFtZSUzRQ==\u00a0\u00bb][\/vc_column][\/vc_row]<\/p>\n<\/div>","protected":false},"excerpt":{"rendered":"<p>[vc_row full_width=\u00a0\u00bbstretch_row_content_no_spaces\u00a0\u00bb _et_uniqid=\u00a0\u00bbet_custom_uniqid_new_651d3b208ace2&Prime; css=\u00a0\u00bb.vc_custom_1696414502389{margin-bottom: 2.8vw !important;}\u00a0\u00bb][vc_column][vc_single_image image=\u00a0\u00bb574&Prime; img_size=\u00a0\u00bbfull\u00a0\u00bb alignment=\u00a0\u00bbcenter\u00a0\u00bb][\/vc_column][\/vc_row][vc_row][vc_column width=\u00a0\u00bb1\/4&Prime;][\/vc_column][vc_column width=\u00a0\u00bb2\/4&Prime;][vc_row_inner css=\u00a0\u00bb.vc_custom_1561015650349{padding-right: 1vw !important;padding-left: 1vw !important;}\u00a0\u00bb][vc_column_inner width=\u00a0\u00bb1\/3&Prime;][vc_single_image image=\u00a0\u00bb506&Prime; img_size=\u00a0\u00bbfull\u00a0\u00bb alignment=\u00a0\u00bbcenter\u00a0\u00bb img_import_url=\u00a0\u00bbhttps%3A%2F%2Fxstore.8theme.com%2Fdemos%2F2%2Fartmaxy%2Fwp-content%2Fuploads%2Fsites%2F23%2F2019%2F06%2Fplaceholder.png\u00a0\u00bb css=\u00a0\u00bb.vc_custom_1689176240408{margin-bottom: 12px !important;}\u00a0\u00bb][vc_column_text] Adresse:&#8230;<\/p>\n","protected":false},"author":1,"featured_media":0,"parent":0,"menu_order":0,"comment_status":"closed","ping_status":"closed","template":"","meta":{"footnotes":""},"_links":{"self":[{"href":"https:\/\/e-oregano.gr\/fr\/wp-json\/wp\/v2\/pages\/783"}],"collection":[{"href":"https:\/\/e-oregano.gr\/fr\/wp-json\/wp\/v2\/pages"}],"about":[{"href":"https:\/\/e-oregano.gr\/fr\/wp-json\/wp\/v2\/types\/page"}],"author":[{"embeddable":true,"href":"https:\/\/e-oregano.gr\/fr\/wp-json\/wp\/v2\/users\/1"}],"replies":[{"embeddable":true,"href":"https:\/\/e-oregano.gr\/fr\/wp-json\/wp\/v2\/comments?post=783"}],"version-history":[{"count":0,"href":"https:\/\/e-oregano.gr\/fr\/wp-json\/wp\/v2\/pages\/783\/revisions"}],"wp:attachment":[{"href":"https:\/\/e-oregano.gr\/fr\/wp-json\/wp\/v2\/media?parent=783"}],"curies":[{"name":"wp","href":"https:\/\/api.w.org\/{rel}","templated":true}]}}