{"id":798,"date":"2023-10-04T13:43:27","date_gmt":"2023-10-04T10:43:27","guid":{"rendered":"https:\/\/e-oregano.gr\/owp\/les-services\/"},"modified":"2023-11-01T01:57:06","modified_gmt":"2023-10-31T23:57:06","slug":"les-services","status":"publish","type":"page","link":"https:\/\/e-oregano.gr\/fr\/les-services\/","title":{"rendered":"Les Services"},"content":{"rendered":"<div class=\"wpb-content-wrapper\"><p>[vc_row full_width=\u00a0\u00bbstretch_row_content_no_spaces\u00a0\u00bb _et_uniqid=\u00a0\u00bbet_custom_uniqid_new_651d41c1686e3&Prime;][vc_column][vc_single_image image=\u00a0\u00bb582&Prime; img_size=\u00a0\u00bbfull\u00a0\u00bb alignment=\u00a0\u00bbcenter\u00a0\u00bb][\/vc_column][\/vc_row][vc_row][vc_column][vc_single_image image=\u00a0\u00bb540&Prime; img_size=\u00a0\u00bbfull\u00a0\u00bb css=\u00a0\u00bb.vc_custom_1696418846135{margin-bottom: 5px !important;}\u00a0\u00bb][vc_custom_heading text=\u00a0\u00bbNos services.\u00a0\u00bb font_container=\u00a0\u00bbtag:p|font_size:40px|text_align:left|color:%231c1a19|line_height:40px\u00a0\u00bb google_fonts=\u00a0\u00bbfont_family:Gentium%20Basic%3Aregular%2Citalic%2C700%2C700italic|font_style:400%20regular%3A400%3Anormal\u00a0\u00bb css=\u00a0\u00bb.vc_custom_1696419002698{margin-bottom: 30px !important;}\u00a0\u00bb][vc_custom_heading text=\u00a0\u00bb&quot;L&apos;origan est une plante sauvage. On peut la d\u00e9crit comme un arbuste court d\u2019une tige ligneuse et sans \u00e9lasticit\u00e9&quot;\u00a0\u00bb font_container=\u00a0\u00bbtag:h4|text_align:left|color:%23356032&Prime; use_theme_fonts=\u00a0\u00bbyes\u00a0\u00bb][vc_column_text]<strong>La culture de l\u2019origan<\/strong><\/p>\n<p>Les semis de l\u2019origan se r\u00e9alisent \u00e0 l\u2019automne ou t\u00f4t au printemps et suivent les r\u00e8gles et les m\u00e9thodes de bonne pratique agricole.<\/p>\n<p>Les plants et les rangs de plants sont espac\u00e9s de 45 cm.<\/p>\n<p>L\u2019origan fleurit d\u00e8s la fin de Juin jusqu\u2019\u00e0 la fin de Juillet, et sa r\u00e9colte se fait quand le plante est en pleine fleur.<\/p>\n<p>Il est \u00e0 noter que l\u2019origan est une plante rustique sans beaucoup d\u2019ennemis qui r\u00e9siste bien aux maladies et c\u2019est pourquoi on n\u2019utilise pas de pesticides.<\/p>\n<p><strong>La transformation de l\u2019origan<\/strong><\/p>\n<p>Apr\u00e8s sa r\u00e9colte, qui se fait avec d\u2019\u00e9quipements de pointe, l\u2019origan passe par la station de tamisage et de nettoyage (moulin broyeur).<\/p>\n<p>Avant que l\u2019\u00a0\u00bbOREGANO\u00a0\u00bb mette son produit sur le march\u00e9, en profitant de ses installations et en suivant rigoureusement sa programmation stricte pour l\u2019assurance de la qualit\u00e9 exceptionnelle, elle garantit enti\u00e8rement la r\u00e9ussite de tous les stades de transformation de produit.[\/vc_column_text][\/vc_column][\/vc_row]<\/p>\n<\/div>","protected":false},"excerpt":{"rendered":"<p>[vc_row full_width=\u00a0\u00bbstretch_row_content_no_spaces\u00a0\u00bb _et_uniqid=\u00a0\u00bbet_custom_uniqid_new_651d41c1686e3&Prime;][vc_column][vc_single_image image=\u00a0\u00bb582&Prime; img_size=\u00a0\u00bbfull\u00a0\u00bb alignment=\u00a0\u00bbcenter\u00a0\u00bb][\/vc_column][\/vc_row][vc_row][vc_column][vc_single_image image=\u00a0\u00bb540&Prime; img_size=\u00a0\u00bbfull\u00a0\u00bb css=\u00a0\u00bb.vc_custom_1696418846135{margin-bottom: 5px !important;}\u00a0\u00bb][vc_custom_heading text=\u00a0\u00bbNos services.\u00a0\u00bb font_container=\u00a0\u00bbtag:p|font_size:40px|text_align:left|color:%231c1a19|line_height:40px\u00a0\u00bb google_fonts=\u00a0\u00bbfont_family:Gentium%20Basic%3Aregular%2Citalic%2C700%2C700italic|font_style:400%20regular%3A400%3Anormal\u00a0\u00bb css=\u00a0\u00bb.vc_custom_1696419002698{margin-bottom: 30px !important;}\u00a0\u00bb][vc_custom_heading text=\u00a0\u00bb&quot;L&apos;origan est une plante sauvage. On peut&#8230;<\/p>\n","protected":false},"author":1,"featured_media":0,"parent":0,"menu_order":0,"comment_status":"closed","ping_status":"closed","template":"","meta":{"footnotes":""},"_links":{"self":[{"href":"https:\/\/e-oregano.gr\/fr\/wp-json\/wp\/v2\/pages\/798"}],"collection":[{"href":"https:\/\/e-oregano.gr\/fr\/wp-json\/wp\/v2\/pages"}],"about":[{"href":"https:\/\/e-oregano.gr\/fr\/wp-json\/wp\/v2\/types\/page"}],"author":[{"embeddable":true,"href":"https:\/\/e-oregano.gr\/fr\/wp-json\/wp\/v2\/users\/1"}],"replies":[{"embeddable":true,"href":"https:\/\/e-oregano.gr\/fr\/wp-json\/wp\/v2\/comments?post=798"}],"version-history":[{"count":0,"href":"https:\/\/e-oregano.gr\/fr\/wp-json\/wp\/v2\/pages\/798\/revisions"}],"wp:attachment":[{"href":"https:\/\/e-oregano.gr\/fr\/wp-json\/wp\/v2\/media?parent=798"}],"curies":[{"name":"wp","href":"https:\/\/api.w.org\/{rel}","templated":true}]}}