{"id":803,"date":"2023-07-04T15:22:30","date_gmt":"2023-07-04T12:22:30","guid":{"rendered":"https:\/\/e-oregano.gr\/owp\/methodes-de-payement\/"},"modified":"2023-11-07T14:06:37","modified_gmt":"2023-11-07T12:06:37","slug":"methodes-de-payement","status":"publish","type":"page","link":"https:\/\/e-oregano.gr\/fr\/methodes-de-payement\/","title":{"rendered":"M\u00e9thodes de payement"},"content":{"rendered":"<div class=\"wpb-content-wrapper\"><p>[vc_row][vc_column][vc_column_text]<\/p>\n<h2>M\u00e9thodes de payement<\/h2>\n<p>Vous serez inform\u00e9 des modalit\u00e9s de paiement des produits avant leur envoi soit par t\u00e9l\u00e9phone, soit par e-mail.<\/p>\n<p>Les paiements sont g\u00e9n\u00e9ralement effectu\u00e9s uniquement par d\u00e9p\u00f4t bancaire.<\/p>\n<p>Dans tous les cas, avant d&rsquo;exp\u00e9dier les produits, il y aura toujours un appel t\u00e9l\u00e9phonique afin qu&rsquo;il y ait une excellente entente entre Oregano et ses clients.[\/vc_column_text][\/vc_column][\/vc_row]<\/p>\n<\/div>","protected":false},"excerpt":{"rendered":"<p>[vc_row][vc_column][vc_column_text] M\u00e9thodes de payement Vous serez inform\u00e9 des modalit\u00e9s de paiement des produits avant leur envoi soit par t\u00e9l\u00e9phone, soit par e-mail. Les paiements sont&#8230;<\/p>\n","protected":false},"author":1,"featured_media":0,"parent":0,"menu_order":0,"comment_status":"closed","ping_status":"closed","template":"","meta":{"footnotes":""},"_links":{"self":[{"href":"https:\/\/e-oregano.gr\/fr\/wp-json\/wp\/v2\/pages\/803"}],"collection":[{"href":"https:\/\/e-oregano.gr\/fr\/wp-json\/wp\/v2\/pages"}],"about":[{"href":"https:\/\/e-oregano.gr\/fr\/wp-json\/wp\/v2\/types\/page"}],"author":[{"embeddable":true,"href":"https:\/\/e-oregano.gr\/fr\/wp-json\/wp\/v2\/users\/1"}],"replies":[{"embeddable":true,"href":"https:\/\/e-oregano.gr\/fr\/wp-json\/wp\/v2\/comments?post=803"}],"version-history":[{"count":0,"href":"https:\/\/e-oregano.gr\/fr\/wp-json\/wp\/v2\/pages\/803\/revisions"}],"wp:attachment":[{"href":"https:\/\/e-oregano.gr\/fr\/wp-json\/wp\/v2\/media?parent=803"}],"curies":[{"name":"wp","href":"https:\/\/api.w.org\/{rel}","templated":true}]}}