{"id":805,"date":"2023-07-04T15:22:08","date_gmt":"2023-07-04T12:22:08","guid":{"rendered":"https:\/\/e-oregano.gr\/owp\/methodes-dexpedition\/"},"modified":"2023-11-07T12:28:56","modified_gmt":"2023-11-07T10:28:56","slug":"methodes-dexpedition","status":"publish","type":"page","link":"https:\/\/e-oregano.gr\/fr\/methodes-dexpedition\/","title":{"rendered":"M\u00e9thodes d&rsquo;exp\u00e9dition"},"content":{"rendered":"<h2>M\u00e9thodes d&rsquo;exp\u00e9dition<\/h2>\n<p>Vos produits seront exp\u00e9di\u00e9s \u00e0 l&rsquo;adresse que vous aurez choisie, avec \u00e0 chaque fois des transporteurs partenaires s\u00e9lectionn\u00e9s au cas par cas.<\/p>\n<p>Pour les frais de port, le co\u00fbt est d\u00e9termin\u00e9 en fonction du poids des produits, dont vous serez inform\u00e9 avant l&rsquo;envoi de votre commande.<\/p>\n<p>Les commandes sont exp\u00e9di\u00e9es sous 2 jours et livr\u00e9es sous 5 jours ouvrables dans toute la Gr\u00e8ce avec des mises \u00e0 jour continues sur l&rsquo;avancement de votre commande. La dur\u00e9e d\u00e9pend de l\u2019inaccessibilit\u00e9 de la zone. Les d\u00e9lais ci-dessus ne s&rsquo;appliquent pas en p\u00e9riode de conditions climatiques extr\u00eames ou de gr\u00e8ves et en tout cas de force majeure, pouvant affecter les d\u00e9lais de transport.<\/p>\n<p>Les commandes sont trait\u00e9es du lundi au samedi (hors jours f\u00e9ri\u00e9s). Les ordres pass\u00e9s dans le syst\u00e8me \u00e0 partir du samedi apr\u00e8s-midi sont ex\u00e9cut\u00e9s le lundi.<\/p>\n<p>Le transporteur a le droit de refuser la livraison s&rsquo;il estime que la livraison n&rsquo;est pas possible, par exemple sur un chemin de terre dangereux ou similaire, et qu&rsquo;un autre point de livraison doit \u00eatre d\u00e9sign\u00e9.<\/p>\n<p>Dans tous les cas, avant d&rsquo;envoyer les produits, il y aura toujours un appel t\u00e9l\u00e9phonique afin qu&rsquo;il y ait une excellente entente entre origan et ses clients.<\/p>\n","protected":false},"excerpt":{"rendered":"<p>M\u00e9thodes d&rsquo;exp\u00e9dition Vos produits seront exp\u00e9di\u00e9s \u00e0 l&rsquo;adresse que vous aurez choisie, avec \u00e0 chaque fois des transporteurs partenaires s\u00e9lectionn\u00e9s au cas par cas. Pour&#8230;<\/p>\n","protected":false},"author":1,"featured_media":0,"parent":0,"menu_order":0,"comment_status":"closed","ping_status":"closed","template":"","meta":{"footnotes":""},"_links":{"self":[{"href":"https:\/\/e-oregano.gr\/fr\/wp-json\/wp\/v2\/pages\/805"}],"collection":[{"href":"https:\/\/e-oregano.gr\/fr\/wp-json\/wp\/v2\/pages"}],"about":[{"href":"https:\/\/e-oregano.gr\/fr\/wp-json\/wp\/v2\/types\/page"}],"author":[{"embeddable":true,"href":"https:\/\/e-oregano.gr\/fr\/wp-json\/wp\/v2\/users\/1"}],"replies":[{"embeddable":true,"href":"https:\/\/e-oregano.gr\/fr\/wp-json\/wp\/v2\/comments?post=805"}],"version-history":[{"count":0,"href":"https:\/\/e-oregano.gr\/fr\/wp-json\/wp\/v2\/pages\/805\/revisions"}],"wp:attachment":[{"href":"https:\/\/e-oregano.gr\/fr\/wp-json\/wp\/v2\/media?parent=805"}],"curies":[{"name":"wp","href":"https:\/\/api.w.org\/{rel}","templated":true}]}}