{"id":844,"date":"2023-10-26T18:42:07","date_gmt":"2023-10-26T15:42:07","guid":{"rendered":"https:\/\/e-oregano.gr\/owp\/politique-de-confidentialite-et-cookies\/"},"modified":"2023-10-26T18:42:07","modified_gmt":"2023-10-26T15:42:07","slug":"politique-de-confidentialite-et-cookies","status":"publish","type":"page","link":"https:\/\/e-oregano.gr\/fr\/politique-de-confidentialite-et-cookies\/","title":{"rendered":"Politique de confidentialit\u00e9 et cookies"},"content":{"rendered":"<h2>Politique de Confidentialit\u00e9<\/h2>\n<p>La politique de confidentialit\u00e9 de e-origano.gr expliquera comment notre soci\u00e9t\u00e9 utilise les donn\u00e9es personnelles que nous collectons aupr\u00e8s de vous lorsque vous utilisez notre site Web.<\/p>\n<p>En g\u00e9n\u00e9ral, nous collectons et traitons vos donn\u00e9es personnelles uniquement lorsque cela est absolument n\u00e9cessaire, mais nous pouvons recevoir indirectement certaines informations et donn\u00e9es sur les appareils. Pour une simple navigation sur la page, nous n&rsquo;avons pas besoin de donn\u00e9es personnelles, elles sont n\u00e9cessaires lors de la commande de l&rsquo;un de nos produits ou services ou lors de l&rsquo;utilisation des formulaires de contact.<\/p>\n<p>Nous ne vendrons, louerons, distribuerons ou ne rendrons jamais publiques vos donn\u00e9es personnelles de quelque mani\u00e8re que ce soit.<\/p>\n<p>Si vous avez moins de 15 ans, vous DEVEZ obtenir le consentement de vos parents avant d&rsquo;utiliser les services de ce site Web.<\/p>\n<h3>Quelles donn\u00e9es collectons-nous?<\/h3>\n<p>Certaines informations sur votre appareil peuvent \u00eatre collect\u00e9es automatiquement, notamment des informations sur votre navigateur Web, votre adresse IP, votre fuseau horaire et certains des cookies install\u00e9s sur votre appareil. Lorsque vous naviguez sur le Site, nous pouvons \u00e9galement collecter des informations sur les pages Web ou les produits individuels que vous consultez, les pages Web ou les termes de recherche qui vous ont renvoy\u00e9 vers le Site, ainsi que des informations sur la mani\u00e8re dont vous interagissez avec le Site.<\/p>\n<p>Nous collectons certaines informations vous concernant, telles que votre nom, votre adresse de facturation, votre adresse de livraison, votre type de paiement (pour les transactions effectu\u00e9es via Paypal et Viva Wallet, nous ne collectons pas de donn\u00e9es de carte de cr\u00e9dit), votre adresse e-mail et votre num\u00e9ro de t\u00e9l\u00e9phone, lorsque vous effectuez un achat. ou tenter d&rsquo;effectuer un achat via le site Web.<\/p>\n<h3>Comment collectons-nous vos donn\u00e9es?<\/h3>\n<p>Vous nous fournissez directement la plupart des donn\u00e9es que nous collectons. Nous collectons et traitons des donn\u00e9es lorsque:<\/p>\n<ul>\n<li>Utilisez nos formulaires e-mail pour nous contacter (Nom, adresse e-mail, num\u00e9ro de t\u00e9l\u00e9phone, etc.)<\/li>\n<li>Utilisez notre formulaire de commande, enregistr\u00e9 ou en tant qu&rsquo;invit\u00e9, lorsque vous passez une commande pour l&rsquo;un de nos produits ou services (tels que le nom complet, l&rsquo;adresse de facturation, l&rsquo;adresse de livraison, le type de paiement (la transaction s&rsquo;effectue via <del>Paypal ou<\/del> Viva Wallet, nous ne collectons pas les donn\u00e9es de carte de cr\u00e9dit), l&rsquo;adresse email, le num\u00e9ro de t\u00e9l\u00e9phone, etc.).<\/li>\n<li>Vous remplissez volontairement quand et si nous menons une enqu\u00eate aupr\u00e8s des clients ou fournissons des commentaires sur l&rsquo;un de nos forums de discussion ou par e-mail.<\/li>\n<\/ul>\n<p>Nous pouvons \u00e9galement recevoir indirectement des informations et des donn\u00e9es sur votre appareil \u00e0 partir des sources suivantes:<\/p>\n<ul>\n<li>Utilisation, directement, de notre adresse email par vous pour quelque raison que ce soit (commande, question, etc.)<\/li>\n<li>En utilisant notre adresse postale pour vous permettre de nous \u00e9crire pour quelque raison que ce soit (commande, question etc.).<\/li>\n<li>Utiliser ou consulter notre site Web via les cookies de votre navigateur. Les \u00ab cookies \u00bb sont des fichiers de donn\u00e9es plac\u00e9s sur votre appareil ou ordinateur et incluent souvent un identifiant unique anonyme. Pour plus d&rsquo;informations sur les cookies et comment d\u00e9sactiver les cookies, visitez https:\/\/www.allaboutcookies.org.<\/li>\n<li>Les \u00ab journaux \u00bb suivent les actions qui se produisent sur le site Web et collectent des donn\u00e9es, notamment l&rsquo;adresse IP, le type de navigateur, le fournisseur de services Internet, les pages de r\u00e9f\u00e9rence\/de sortie et les informations de date\/heure.<\/li>\n<li>Les \u00ab balises Web \u00bb, les \u00ab tags \u00bb et les \u00ab pixels \u00bb sont des fichiers \u00e9lectroniques utilis\u00e9s pour enregistrer des informations sur la fa\u00e7on dont vous naviguez sur le site Web.<\/li>\n<\/ul>\n<h3>Comment allons-nous utiliser vos donn\u00e9es?<\/h3>\n<p>Nous collectons vos donn\u00e9es afin de pouvoir:<\/p>\n<ul>\n<li>Vous contacter.<\/li>\n<li>Nous traitons votre commande et g\u00e9rons votre compte.<\/li>\n<li>Lorsque cela est coh\u00e9rent en fonction des pr\u00e9f\u00e9rences que vous avez partag\u00e9es avec nous, vous envoyer des e-mails contenant des informations ou des publicit\u00e9s avec des offres sp\u00e9ciales pour d&rsquo;autres produits et services que nous pensons que vous aimeriez.<\/li>\n<li>V\u00e9rifiez nos commandes pour d\u00e9tecter tout risque potentiel ou fraude<\/li>\n<\/ul>\n<p>Nous utilisons les informations que nous collectons pour nous aider \u00e0 v\u00e9rifier les risques potentiels et la fraude (en particulier, votre adresse IP) et pour am\u00e9liorer et optimiser de mani\u00e8re g\u00e9n\u00e9rale notre site Web (par exemple, en g\u00e9n\u00e9rant des analyses sur la fa\u00e7on dont nos clients naviguent et interagissent avec le site Web et pour \u00e9valuer le succ\u00e8s. de nos campagnes promotionnelles et publicitaires).<\/p>\n<p>Nous pouvons partager les informations avec des tiers pour nous aider \u00e0 utiliser vos informations comme d\u00e9crit ci-dessus. Par exemple, nous utilisons Google Analytics pour nous aider \u00e0 comprendre comment nos clients utilisent le site Web. Vous pouvez en savoir plus sur la mani\u00e8re dont Google utilise vos informations personnelles ici : https:\/\/www.google.com \/intl\/en\/policies\/privacy\/. Vous pouvez \u00e9galement vous d\u00e9sinscrire de Google Analytics ici : https:\/\/tools.google.com\/dlpage\/gaoptout.<\/p>\n<p>Lorsque nous traitons votre commande, vos donn\u00e9es peuvent \u00eatre envoy\u00e9es et les informations g\u00e9n\u00e9r\u00e9es peuvent \u00e9galement \u00eatre utilis\u00e9es par des agences de r\u00e9f\u00e9rence de cr\u00e9dit pour emp\u00eacher les achats frauduleux.<\/p>\n<p>Enfin, nous pouvons \u00e9galement partager vos donn\u00e9es personnelles pour nous conformer aux lois et r\u00e9glementations applicables, pour r\u00e9pondre \u00e0 une assignation \u00e0 compara\u00eetre, \u00e0 un mandat de perquisition ou \u00e0 toute autre demande l\u00e9gale d&rsquo;informations que nous recevons, ou pour prot\u00e9ger nos droits de toute autre mani\u00e8re.<\/p>\n<h3>DO NOT TRACK<\/h3>\n<p>Veuillez noter que nous ne modifions pas nos pratiques de collecte et d&rsquo;utilisation de notre site Web lorsque nous voyons un signal \u00ab Ne pas suivre \u00bb provenant de votre navigateur.<\/p>\n<h3>Comment stockons-nous vos donn\u00e9es?<\/h3>\n<p>Tout le trafic Web (transfert de fichiers) entre ce site Web et votre navigateur est crypt\u00e9 et transmis via le protocole HTTPS \u00e0 l&rsquo;aide de SSL (Secure Sockets Layer).<\/p>\n<p>Les informations que nous collectons aupr\u00e8s de vous peuvent \u00eatre transf\u00e9r\u00e9es et stock\u00e9es en dehors de l\u2019Espace \u00e9conomique europ\u00e9en (\u00ab EEE \u00bb). Ils peuvent \u00e9galement \u00eatre trait\u00e9s par du personnel op\u00e9rant en dehors de l&rsquo;EEE et travaillant pour nous ou l&rsquo;un de nos fournisseurs. Lorsque nous proc\u00e9dons ainsi, les lois du pays tiers sur la protection des donn\u00e9es auront \u00e9t\u00e9 approuv\u00e9es comme ad\u00e9quates par la Commission europ\u00e9enne ou d&rsquo;autres garanties seront en place.<\/p>\n<p>Nous ne conserverons pas vos informations personnelles \u00e0 quelque fin que ce soit plus longtemps que n\u00e9cessaire et ne conserverons que les informations personnelles pertinentes n\u00e9cessaires \u00e0 cette fin.<\/p>\n<p>Nous conserverons les informations personnelles que vous avez fournies lorsque et si vous cr\u00e9ez un compte (vous inscrivez) sur notre site Web aussi longtemps que ce compte existe toujours.<\/p>\n<p>En cas de contact que vous pourriez avoir avec nous, nous conserverons ces informations aussi longtemps que n\u00e9cessaire pour r\u00e9soudre votre demande et pendant une courte p\u00e9riode apr\u00e8s la cl\u00f4ture de la demande.<\/p>\n<p>Lorsque vous effectuez un achat via notre site Web, nous pouvons conserver certaines informations personnelles limit\u00e9es telles que votre nom, votre adresse e-mail et votre adresse postale pendant une tr\u00e8s courte p\u00e9riode dans le but de renvoyer les utilisateurs nouveaux et existants vers nos annonceurs partenaires. Nous conserverons les informations sur votre historique de navigation sur le site Web pendant une p\u00e9riode similaire.<\/p>\n<p>e-origano.gr est susceptible de ne pas stocker vos informations personnelles, sauf si vous utilisez l&rsquo;enregistrement \u00e9lectronique lors de la commande. Dans ce cas, nous conserverons vos informations personnelles (nom, pr\u00e9nom, adresse, num\u00e9ro de t\u00e9l\u00e9phone, adresse e-mail) aussi longtemps que n\u00e9cessaire au regard de la finalit\u00e9.<\/p>\n<h3>Marketing<\/h3>\n<p>e-origano.gr souhaite vous envoyer des informations sur nos produits et services qui, selon nous, pourraient vous plaire.<\/p>\n<p>Si vous avez accept\u00e9 de recevoir des informations promotionnelles, vous pouvez toujours vous d\u00e9sinscrire plus tard.<\/p>\n<p>Vous avez le droit \u00e0 tout moment d&#8217;emp\u00eacher notre soci\u00e9t\u00e9 de vous contacter \u00e0 des fins promotionnelles\/publicitaires ou de communiquer vos donn\u00e9es \u00e0 d&rsquo;autres membres de notre soci\u00e9t\u00e9\/entreprise.<\/p>\n<p>Si vous ne souhaitez plus \u00eatre contact\u00e9 \u00e0 des fins publicitaires, merci de nous le faire savoir.<\/p>\n<h3>Quels sont vos droits en mati\u00e8re de protection des donn\u00e9es?<\/h3>\n<p>e-origano.gr souhaite s&rsquo;assurer que vous connaissez pleinement tous vos droits en mati\u00e8re de protection des donn\u00e9es. Chaque utilisateur a droit aux \u00e9l\u00e9ments suivants:<\/p>\n<ul>\n<li>Droit d&rsquo;acc\u00e8s \u2013 Vous avez le droit de demander \u00e0 notre Soci\u00e9t\u00e9 des copies de vos donn\u00e9es personnelles. Nous pouvons vous facturer une somme modique pour ce service.<\/li>\n<li>Droit de rectification \u2013 Vous avez le droit de demander \u00e0 notre soci\u00e9t\u00e9 de corriger toute information que vous jugez inexacte. Vous avez \u00e9galement le droit de demander \u00e0 notre Soci\u00e9t\u00e9 de compl\u00e9ter les informations que vous estimez incompl\u00e8tes.<\/li>\n<li>Droit \u00e0 l\u2019effacement \u2013 \u200b\u200bVous avez le droit de demander \u00e0 notre Soci\u00e9t\u00e9 d\u2019effacer vos donn\u00e9es personnelles, sous certaines conditions.<\/li>\n<li>Droit \u00e0 la limitation du traitement \u2013 \u200b\u200bVous avez le droit de demander \u00e0 notre Soci\u00e9t\u00e9 de restreindre le traitement de vos donn\u00e9es personnelles, sous certaines conditions.<\/li>\n<li>Droit d\u2019opposition au traitement \u2013 \u200b\u200bVous avez le droit de vous opposer au traitement de vos donn\u00e9es personnelles par notre Soci\u00e9t\u00e9, sous certaines conditions.<\/li>\n<li>Si vous soumettez une demande, nous avons un mois pour r\u00e9pondre. Si vous souhaitez exercer l&rsquo;un de ces droits, veuillez nous contacter \u00e0 notre adresse email ou par courrier \u00e0 l&rsquo;adresse ci-dessous.<\/li>\n<\/ul>\n<h3>Cookies<\/h3>\n<p>Les cookies sont des fichiers texte plac\u00e9s sur votre ordinateur pour collecter des informations de connexion Internet standard et des informations sur le comportement des visiteurs. Lorsque vous visitez notre site Web, nous pouvons collecter automatiquement des informations vous concernant via des cookies ou une technologie similaire. Pour plus d\u2019informations, visitez allaboutcookies.org<\/p>\n<h3>Comment utilisons-nous les cookies?<\/h3>\n<p>e-origano.gr utilise des cookies de diverses mani\u00e8res pour am\u00e9liorer votre exp\u00e9rience sur notre site Web, notamment:<\/p>\n<ul>\n<li>Vous garder connect\u00e9 si vous \u00eates inscrit<\/li>\n<li>Comprendre comment vous utilisez notre site Web<\/li>\n<li>Il m\u00e9morise les produits que vous placez dans votre panier<\/li>\n<li>Pour les commandes et demandes de paiement<\/li>\n<li>Il am\u00e9liore et personnalise votre exp\u00e9rience d&rsquo;achat.<\/li>\n<\/ul>\n<h3>Quel type de cookies utilisons-nous?<\/h3>\n<p>Il existe plusieurs types de cookies, cependant notre site Internet utilise:<\/p>\n<ul>\n<li>Cookies strictement n\u00e9cessaires \u2013 e-origano.gr utilise ces cookies car ils sont n\u00e9cessaires \u00e0 notre site Web. S&rsquo;ils sont d\u00e9sactiv\u00e9s, votre exp\u00e9rience sur notre site Web peut \u00eatre interrompue et vous ne pourrez peut-\u00eatre pas utiliser un panier ou payer.<\/li>\n<li>Fonctionnalit\u00e9 \u2013 e-origano.gr utilise ces cookies afin que nous puissions vous reconna\u00eetre sur notre site Web et m\u00e9moriser vos pr\u00e9f\u00e9rences pr\u00e9c\u00e9demment s\u00e9lectionn\u00e9es. Ceux-ci peuvent inclure votre langue et votre emplacement pr\u00e9f\u00e9r\u00e9s, etc. Un m\u00e9lange de cookies propri\u00e9taires et tiers est utilis\u00e9.<\/li>\n<li>Publicit\u00e9 \u2013 e-origano.gr utilise ces cookies pour collecter des informations sur votre visite sur notre site Web, le contenu que vous avez consult\u00e9, les liens que vous avez suivis et des informations sur votre navigateur, votre appareil et votre adresse IP. Notre Soci\u00e9t\u00e9 partage parfois certains aspects de ces donn\u00e9es avec des tiers \u00e0 des fins publicitaires. Nous pouvons \u00e9galement partager des donn\u00e9es en ligne collect\u00e9es via des cookies avec nos partenaires publicitaires. Cela signifie que lorsque vous visitez un autre site Web, des publicit\u00e9s peuvent \u00eatre affich\u00e9es en fonction de vos habitudes de navigation sur notre site Web.<\/li>\n<\/ul>\n<h3>Comment g\u00e9rer les cookies<\/h3>\n<p>Vous pouvez configurer votre navigateur pour qu&rsquo;il n&rsquo;accepte pas les cookies et le site Web ci-dessus vous indique comment supprimer les cookies de votre navigateur. Cependant, dans certains cas, certaines fonctionnalit\u00e9s de notre site Web peuvent ne pas fonctionner.<\/p>\n<h3>Politiques de confidentialit\u00e9 des autres sites Web<\/h3>\n<p>Le site Web e-origano.gr peut contenir des liens vers d\u2019autres sites Web. Notre politique de confidentialit\u00e9 s&rsquo;applique uniquement \u00e0 notre site Web, donc si vous cliquez sur un lien vers un autre site Web, vous devez lire sa politique de confidentialit\u00e9.<\/p>\n<h3>Modifications de notre politique de confidentialit\u00e9<\/h3>\n<p>e-origano.gr surveille r\u00e9guli\u00e8rement sa politique de confidentialit\u00e9 et effectue des mises \u00e0 jour sur ce site Web. Cette politique de confidentialit\u00e9 a \u00e9t\u00e9 mise \u00e0 jour pour la derni\u00e8re fois le 9 novembre 2022.<\/p>\n<h3>Comment nous contacter<\/h3>\n<p>Si vous avez des questions sur notre politique de confidentialit\u00e9, sur les donn\u00e9es que nous d\u00e9tenons \u00e0 votre sujet, ou si vous souhaitez exercer l&rsquo;un de vos droits en mati\u00e8re de protection des donn\u00e9es, n&rsquo;h\u00e9sitez pas \u00e0 nous contacter.<\/p>\n<p>Envoyez-nous un e-mail \u00e0: info@e-oregano.gr<br \/>\nou \u00e9crivez-nous \u00e0:<br \/>\nOREGANO<br \/>\nMoschopotamos,<br \/>\nPieria, 60100<br \/>\nGr\u00e8ce<\/p>\n","protected":false},"excerpt":{"rendered":"<p>Politique de Confidentialit\u00e9 La politique de confidentialit\u00e9 de e-origano.gr expliquera comment notre soci\u00e9t\u00e9 utilise les donn\u00e9es personnelles que nous collectons aupr\u00e8s de vous lorsque vous&#8230;<\/p>\n","protected":false},"author":1,"featured_media":0,"parent":0,"menu_order":0,"comment_status":"closed","ping_status":"closed","template":"","meta":{"footnotes":""},"_links":{"self":[{"href":"https:\/\/e-oregano.gr\/fr\/wp-json\/wp\/v2\/pages\/844"}],"collection":[{"href":"https:\/\/e-oregano.gr\/fr\/wp-json\/wp\/v2\/pages"}],"about":[{"href":"https:\/\/e-oregano.gr\/fr\/wp-json\/wp\/v2\/types\/page"}],"author":[{"embeddable":true,"href":"https:\/\/e-oregano.gr\/fr\/wp-json\/wp\/v2\/users\/1"}],"replies":[{"embeddable":true,"href":"https:\/\/e-oregano.gr\/fr\/wp-json\/wp\/v2\/comments?post=844"}],"version-history":[{"count":0,"href":"https:\/\/e-oregano.gr\/fr\/wp-json\/wp\/v2\/pages\/844\/revisions"}],"wp:attachment":[{"href":"https:\/\/e-oregano.gr\/fr\/wp-json\/wp\/v2\/media?parent=844"}],"curies":[{"name":"wp","href":"https:\/\/api.w.org\/{rel}","templated":true}]}}