{"id":982,"date":"2023-07-20T14:59:35","date_gmt":"2023-07-20T11:59:35","guid":{"rendered":"https:\/\/e-oregano.gr\/owp\/proin\/origan-seche-xl\/"},"modified":"2023-07-20T14:59:35","modified_gmt":"2023-07-20T11:59:35","slug":"origan-seche-xl","status":"publish","type":"product","link":"https:\/\/e-oregano.gr\/fr\/proion\/origan-seche-xl\/","title":{"rendered":"Origan s\u00e9ch\u00e9 XL"},"content":{"rendered":"<p>L&rsquo;origan du mont Olympe grec est connu dans le monde entier pour son go\u00fbt et son ar\u00f4me riches. Il est principalement utilis\u00e9 comme \u00e9pice dans les aliments, dans les salades, les sauces et est \u00e9galement consid\u00e9r\u00e9 comme essentiel pour mariner la viande en raison de son enrichissement en fibres v\u00e9g\u00e9tales.<\/p>\n<p>L&rsquo;origan est une plante sauvage indig\u00e8ne. On peut, en l&rsquo;observant, le d\u00e9crire comme un buisson court au tronc ligneux et sans \u00e9lasticit\u00e9.<\/p>\n<p>C&rsquo;est une plante tr\u00e8s appr\u00e9ci\u00e9e pour ses propri\u00e9t\u00e9s culinaires. Qu\u2019il cr\u00e9e de belles odeurs pour nos salades et nos repas est un secret commun que personne ne peut en aucun cas nier.<\/p>\n<p>C\u2019est un ingr\u00e9dient n\u00e9cessaire au succ\u00e8s de toute recette grecque et pas seulement de cuisine.<\/p>\n<p>L&rsquo;origan est \u00e9galement consid\u00e9r\u00e9 comme une plante m\u00e9dicinale et aromatique. Ses branches sont fines et forment des sommit\u00e9s fleuries aux extr\u00e9mit\u00e9s tandis que les feuilles sont ovo\u00efdes, duveteuses et grises.<\/p>\n<p>Lorsque nous frottons les feuilles d&rsquo;origan, une odeur aromatique distincte et agr\u00e9able se d\u00e9gage, qui ne peut cependant pas surpasser le merveilleux ar\u00f4me provenant des fleurs, qui, avec leur couleur rouge ros\u00e9, forment une image extraordinaire que l&rsquo;on rencontre facilement. ou avec difficult\u00e9, dans la nature grecque.<\/p>\n","protected":false},"excerpt":{"rendered":"<p>L&rsquo;origan du mont Olympe grec est connu dans le monde entier pour son go\u00fbt et son ar\u00f4me riches. Il est principalement utilis\u00e9 comme \u00e9pice dans les aliments, dans les salades, les sauces et est \u00e9galement consid\u00e9r\u00e9 comme essentiel pour mariner la viande en raison de son enrichissement en fibres v\u00e9g\u00e9tales.<\/p>\n","protected":false},"featured_media":566,"template":"","meta":[],"etheme_brands":[{"term_id":41,"name":"Olympus Garden","slug":"olympus-garden-fr","term_group":0,"term_taxonomy_id":41,"taxonomy":"brand","description":"","parent":0,"count":62,"filter":"raw"}],"product_cat":[38],"product_tag":[],"_links":{"self":[{"href":"https:\/\/e-oregano.gr\/fr\/wp-json\/wp\/v2\/product\/982"}],"collection":[{"href":"https:\/\/e-oregano.gr\/fr\/wp-json\/wp\/v2\/product"}],"about":[{"href":"https:\/\/e-oregano.gr\/fr\/wp-json\/wp\/v2\/types\/product"}],"wp:featuredmedia":[{"embeddable":true,"href":"https:\/\/e-oregano.gr\/fr\/wp-json\/wp\/v2\/media\/566"}],"wp:attachment":[{"href":"https:\/\/e-oregano.gr\/fr\/wp-json\/wp\/v2\/media?parent=982"}],"wp:term":[{"taxonomy":"brand","embeddable":true,"href":"https:\/\/e-oregano.gr\/fr\/wp-json\/wp\/v2\/etheme_brands?post=982"},{"taxonomy":"product_cat","embeddable":true,"href":"https:\/\/e-oregano.gr\/fr\/wp-json\/wp\/v2\/product_cat?post=982"},{"taxonomy":"product_tag","embeddable":true,"href":"https:\/\/e-oregano.gr\/fr\/wp-json\/wp\/v2\/product_tag?post=982"}],"curies":[{"name":"wp","href":"https:\/\/api.w.org\/{rel}","templated":true}]}}